{"id":4085,"date":"2024-06-26T17:17:00","date_gmt":"2024-06-26T15:17:00","guid":{"rendered":"https:\/\/trgovinaeureka.si\/leanpay_info_page\/"},"modified":"2024-06-26T17:17:00","modified_gmt":"2024-06-26T15:17:00","slug":"leanpay_informacijska_stranica","status":"publish","type":"page","link":"https:\/\/trgovinaeureka.si\/hr\/leanpay_info_page\/","title":{"rendered":"Leanpay Info Page"},"content":{"rendered":"<p><!doctype html><br \/>\n<html lang=\"en\"><br \/>\n  <head><br \/>\n    <!--CSS custom-->\n    <link rel=\"stylesheet\" href=\"https:\/\/trgovinaeureka.si\/wp-content\/plugins\/leanpay-obrocne-cene\/assets\/css\/style.css\">\n    <!--Google fonts-->\n    <link rel=\"preconnect\" href=\"https:\/\/fonts.googleapis.com\">\n    <link rel=\"preconnect\" href=\"https:\/\/fonts.gstatic.com\" crossorigin>\n    <link href=\"https:\/\/fonts.googleapis.com\/css2?family=Raleway:wght@400;500;600;700&#038;display=swap\" rel=\"stylesheet\">\n  <\/head><br \/>\n  <body id=\"leanpay-info-page\"><\/p>\n<section id=\"hero\">\n<div class=\"container\">\n<div class=\"row\">\n<div class=\"col-lg-7 col-sm-12\">\n              <img decoding=\"async\" class=\"logo\" src=\"https:\/\/trgovinaeureka.si\/wp-content\/plugins\/leanpay-obrocne-cene\/images\/info_page\/leanpay-logo-dark.svg\" alt=\"Leanpay logo\"><\/p>\n<h1 class=\"title\">Jednostavna obro\u010dna pla\u0107anja<\/h1>\n<p class=\"subtitle-hero\">\n                S Leanpay mo\u017eete platiti na rate<br \/>\n                i u na\u0161oj online trgovini. <br \/> Sve \u0161to ti treba je mobitel<br \/>\n                telefon i osobna iskaznica. <br \/> <br \/>\n                Ce\u0161ji postopek traja samo nekaj minut.\n              <\/p>\n<div class=\"offer-button-container position-relative\">\n<div class=\"free-offer-btn position-absolute\">Besplatno<\/div>\n<p>                <a style=\"color: #fff !important; overflow: visible !important; -webkit-appearance: button;\" class=\"leanpay-button\" href=\"https:\/\/trgovinaeureka.si\/hr\/\">Provjeri svoj limit<\/a>\n              <\/div>\n<\/p><\/div>\n<div class=\"col-lg-5 col-sm-12\">\n<div class=\"girl-phone-box position-relative\">\n<div class=\"triangle-box-left position-absolute\">\n                    <img decoding=\"async\" src=\"https:\/\/trgovinaeureka.si\/wp-content\/plugins\/leanpay-obrocne-cene\/images\/info_page\/Triangle-big.png\" alt=\"Trokut velik\"><br \/>\n                    <img decoding=\"async\" class=\"small-triangle-left position-absolute\" src=\"https:\/\/trgovinaeureka.si\/wp-content\/plugins\/leanpay-obrocne-cene\/images\/info_page\/Triangle-small.png\" alt=\"Trokut mali\">\n                  <\/div>\n<div class=\"girl-phone\">\n                    <img decoding=\"async\" src=\"https:\/\/trgovinaeureka.si\/wp-content\/plugins\/leanpay-obrocne-cene\/images\/info_page\/Smatrphone-wow-girl.png\" alt=\"Djevojka pametni telefon\">\n                  <\/div>\n<div class=\"triangle-box-right position-absolute\">\n                    <img decoding=\"async\" src=\"https:\/\/trgovinaeureka.si\/wp-content\/plugins\/leanpay-obrocne-cene\/images\/info_page\/Triangle-Big-dark.png\" alt=\"Trokut velik\"><br \/>\n                    <img decoding=\"async\" class=\"small-triangle-right position-absolute\" src=\"https:\/\/trgovinaeureka.si\/wp-content\/plugins\/leanpay-obrocne-cene\/images\/info_page\/Triangle-small-dark.png\" alt=\"Trokut mali\">\n                <\/div>\n<\/p><\/div>\n<\/p><\/div>\n<\/p><\/div>\n<\/p><\/div>\n<\/section>\n<section id=\"info\">\n<div class=\"container\">\n<div class=\"subtitle-box\">\n<h2 class=\"subtitle\">Za\u0161to pla\u0107ati<br \/> na rate s Leanpay?<\/h2>\n<\/p><\/div>\n<div class=\"row\">\n<div class=\"col-sm-7\">\n<div class=\"partner__FeaturesItems\">\n<div class=\"partner__FeaturesList\">\n<div class=\"partner__FeaturesListItem\">\n<div class=\"partner__FeaturesText\">\n                    <span><br \/>\n                      1.<br \/>\n                    <\/span> <\/p>\n<div>\n<h4>Hipna odluka<br \/> o odobrenju kupnje s samo nekoliko podataka.<\/h4>\n<\/p><\/div>\n<\/p><\/div>\n<\/p><\/div>\n<div class=\"partner__FeaturesListItem\">\n<div class=\"partner__FeaturesText\">\n                    <span><br \/>\n                      2.<br \/>\n                    <\/span><\/p>\n<div>\n<h4>Bez dokumentacije, bez<br \/> posjet banci, bez skrivenih tro\u0161kova.<\/h4>\n<\/p><\/div>\n<\/p><\/div>\n<\/p><\/div>\n<div class=\"partner__FeaturesListItem\">\n<div class=\"partner__FeaturesText\">\n                    <span><br \/>\n                      3.<br \/>\n                    <\/span><\/p>\n<div>\n<h4>Pregled pla\u010dila<br \/> kroz moju Leanpay internetsku aplikaciju.<\/h4>\n<\/p><\/div>\n<\/p><\/div>\n<\/p><\/div>\n<div class=\"partner__FeaturesListItem\">\n<div class=\"partner__FeaturesText\">\n                    <span><br \/>\n                      4.<br \/>\n                    <\/span><\/p>\n<div>\n<h4>Fleksibilnost, sam izbere\u0161<br \/> Iznos i broj rata.<\/h4>\n<\/p><\/div>\n<\/p><\/div>\n<\/p><\/div>\n<\/p><\/div>\n<\/p><\/div>\n<\/p><\/div>\n<div class=\"col-sm-5\">\n<div class=\"mobile-box position-relative\">\n              <img decoding=\"async\" src=\"https:\/\/trgovinaeureka.si\/wp-content\/plugins\/leanpay-obrocne-cene\/images\/info_page\/mobile-circle.png\" alt=\"Pokretna kru\u017ena pozadina\"><br \/>\n              <img decoding=\"async\" class=\"mobile position-absolute\" src=\"https:\/\/trgovinaeureka.si\/wp-content\/plugins\/leanpay-obrocne-cene\/images\/info_page\/mobile-device.png\" alt=\"Mobilni ure\u0111aj\">\n            <\/div>\n<\/p><\/div>\n<\/p><\/div>\n<\/p><\/div>\n<\/section>\n<section id=\"presentation\">\n<div class=\"container\">\n<div class=\"d-flex flex-column align-items-center\">\n<h2 class=\"subtitle text-center\">Predstavni video Leanpay<\/h2>\n<div class=\"position-relative\">\n            <!--\n\n<div class=\"play-button position-absolute\">--><br \/>\n              <!--<img decoding=\"async\" src=\"https:\/\/trgovinaeureka.si\/wp-content\/plugins\/leanpay-obrocne-cene\/images\/info_page\/play-button.svg\" alt=\"Play button\">--><br \/>\n              <iframe width=\"560\" height=\"315\" src=\"https:\/\/www.youtube.com\/embed\/wt5iS5owVpk\" title=\"YouTube video player\" frameborder=\"0\" allow=\"accelerometer; autoplay; clipboard-write; encrypted-media; gyroscope; picture-in-picture\" allowfullscreen><\/iframe><br \/>\n            <!--<\/div>\n\n-->\n          <\/div>\n<\/p><\/div>\n<\/p><\/div>\n<\/section>\n<section id=\"accordion-info\">\n<div class=\"container\">\n<div class=\"d-flex flex-column align-items-center\">\n<h3 class=\"small-title text-center\">Informacije<\/h2>\n<div class=\"accordion-box\">\n<p>              <button class=\"accordion\">1. Koliko me stoji kupovina na rate s Leanpayom?<\/button><\/p>\n<div class=\"panel\">\n<p>U Leanpay-a nema sitnih slova niti skrivenih tro\u0161kova. Sve mo\u017ee\u0161 dobro provjeriti prije nego \u0161to se odlu\u010di\u0161 za opciju koja ti najvi\u0161e odgovara. <b>Op\u0107e uvjete mo\u017ee\u0161 pogledati <a href=\"https:\/\/app.leanpay.si\/terms-of-use\" target=\"_blank\" rel=\"noopener\">Ovdje<\/a><\/b>. Ispod mo\u017eete vidjeti primjere kupnje dva proizvoda u razli\u010ditim cjenovnim razredima ovisno o tome \u017eelite li proizvod \u0161to prije otplatiti ili \u017eelite \u0161to manji obrok.\u201d<\/p>\n<p>                <iframe src=\"https:\/\/drive.google.com\/file\/d\/1gsP_2VlgRkFMlIu5fCT6Y1D_bx41tByh\/preview\" width=\"640\" height=\"480\" allow=\"autoplay\"><\/iframe>\n              <\/div>\n<p>              <button class=\"accordion\">2. \u0160to mi treba za uspje\u0161nu kupovinu na rate s Leanpay?<\/button><\/p>\n<div class=\"panel\">\n<ul>\n<li>osobni dokument Republike Slovenije<\/li>\n<li>mobitel<\/li>\n<li>porezni broj<\/li>\n<li>broj svog transakcijskog ra\u010duna s kojeg \u0107u pla\u0107ati rate<\/li>\n<li>poznavanje visine va\u0161ih redovitih mjese\u010dnih prihoda i rashoda<\/li>\n<\/ul><\/div>\n<p>              <button class=\"accordion\">3. Kako pla\u010dam z Leanpay u web trgovini?<\/button><\/p>\n<div class=\"panel\">\n<ol>\n<li>U internetskoj trgovini odaberite \u017eeljeni proizvod i slijedite korake.<\/li>\n<li>U internetskoj trgovini odaberite \u017eeljeni proizvod i slijedite korake.<\/li>\n<li>Zatim odaberete broj obroka i mjese\u010dni iznos pla\u0107anja koji vam najvi\u0161e odgovara<\/li>\n<li>Unesite svoje osobne podatke i dobit \u0107ete trenutnu odluku o odobrenju pla\u0107anja<\/li>\n<li>Mjese\u010dno poravnate obveze putem SEPA naloga \u2013 trajnog naloga bez posjeta banci<\/li>\n<\/ol><\/div>\n<p>              <button class=\"accordion\">4. Mogu li provjeriti svoj limit kod Leanpay-a prije kupnje?<\/button><\/p>\n<div class=\"panel\">\n<p>Naravno, to mo\u017ee\u0161 u\u010diniti digitalno kroz postupak <a href=\"https:\/\/trgovinaeureka.si\/hr\/\" target=\"_blank\" rel=\"noopener\">Provjeri svoj limit<\/a>, koje traje samo nekoliko minuta i ne zahtijeva nikakvu dokumentaciju, samo unos nekoliko podataka u online obrazac.<\/p>\n<p>Tako se tudi registrira\u0161 v Leanpay in ko bo\u0161 v trgovini prosil prodajalca za ponudbo, bo dovolj, da mu pove\u0161 samo svojo telefonsko \u0161tevilko.<\/p>\n<p>Vi\u0161e o ovome <a href=\"https:\/\/leanpay.zendesk.com\/hc\/sl\/articles\/360013186019-Kako-lahko-vnaprej-preverim-ali-bi-dobil-limit-pri-Leanpay-Kaj-pomeni-gumb-Preveri-svoj-limit-\" target=\"_blank\" rel=\"noopener\">mo\u017ee\u0161 pro\u010ditati ovdje.<\/a><\/p>\n<\/p><\/div>\n<p>              <button class=\"accordion\">5. \u0160to se doga\u0111a kada zavr\u0161im kupnju?<\/button><\/p>\n<div class=\"panel\">\n<p>Tvoji proizvodi \u0107e sti\u0107i do tvog doma odabranim na\u010dinom dostave.<\/p>\n<p>Na <a href=\"https:\/\/app.leanpay.si\/\" target=\"_blank\" rel=\"noopener\">Moj Leanpay<\/a> Web aplikacije tako\u0111er mo\u017eete pratiti svoje uplate, budu\u0107e kupnje i novosti. Pristup dobivate prvom zavr\u0161enom kupnjom ili zavr\u0161enim postupkom <a href=\"https:\/\/trgovinaeureka.si\/hr\/\" target=\"_blank\" rel=\"noopener\">Provjeri svoj limit.<\/a><\/p>\n<\/p><\/div>\n<p>              <button class=\"accordion\">6. Imam jo\u0161 nekoliko pitanja<\/button><\/p>\n<div class=\"panel\">\n<p>Sva \u010desto postavljana pitanja mo\u017eete prona\u0107i na <a href=\"https:\/\/leanpay.zendesk.com\/hc\/sl\/categories\/360002454660-Za-kupce\">Leanpay web stranica.<\/a><\/p>\n<\/p><\/div>\n<\/p><\/div>\n<\/p><\/div>\n<\/p><\/div>\n<\/section>\n<p>    <script src=\"https:\/\/trgovinaeureka.si\/wp-content\/plugins\/leanpay-obrocne-cene\/assets\/js\/leanpay.js\" ><\/script><br \/>\n    <\/body><br \/>\n<\/html><\/p>","protected":false},"excerpt":{"rendered":"<p>Enostavna obro\u010dna pla\u010dila Z Leanpay lahko pla\u010da\u0161 na obroke tudi v na\u0161i spletni trgovini. Vse kar potrebuje\u0161 je mobilni telefon in osebni dokument. Ves postopek traja le nekaj minut. Brezpla\u010dno<\/p>","protected":false},"author":1,"featured_media":0,"parent":0,"menu_order":0,"comment_status":"closed","ping_status":"closed","template":"","meta":{"_acf_changed":false,"footnotes":""},"class_list":["post-4085","page","type-page","status-publish","hentry"],"acf":[],"_links":{"self":[{"href":"https:\/\/trgovinaeureka.si\/hr\/wp-json\/wp\/v2\/pages\/4085","targetHints":{"allow":["GET"]}}],"collection":[{"href":"https:\/\/trgovinaeureka.si\/hr\/wp-json\/wp\/v2\/pages"}],"about":[{"href":"https:\/\/trgovinaeureka.si\/hr\/wp-json\/wp\/v2\/types\/page"}],"author":[{"embeddable":true,"href":"https:\/\/trgovinaeureka.si\/hr\/wp-json\/wp\/v2\/users\/1"}],"replies":[{"embeddable":true,"href":"https:\/\/trgovinaeureka.si\/hr\/wp-json\/wp\/v2\/comments?post=4085"}],"version-history":[{"count":0,"href":"https:\/\/trgovinaeureka.si\/hr\/wp-json\/wp\/v2\/pages\/4085\/revisions"}],"wp:attachment":[{"href":"https:\/\/trgovinaeureka.si\/hr\/wp-json\/wp\/v2\/media?parent=4085"}],"curies":[{"name":"radni list","href":"https:\/\/api.w.org\/{rel}","templated":true}]}}