{"id":3,"date":"2023-10-26T08:24:46","date_gmt":"2023-10-26T08:24:46","guid":{"rendered":"https:\/\/warehousedeals.si\/?page_id=3"},"modified":"2024-01-04T12:15:33","modified_gmt":"2024-01-04T10:15:33","slug":"dostava-ulaz-preuzimanje","status":"publish","type":"page","link":"https:\/\/trgovinaeureka.si\/hr\/dostava-vnos-prevzem\/","title":{"rendered":"Dostava, unos i preuzimanje"},"content":{"rendered":"<p class=\"has-text-align-center\">U Eureka online centru te\u017eimo brzoj i profesionalnoj dostavi naru\u010dene robe. Dostava<br>Naru\u010dena roba bit \u0107e dostavljena u roku od 48 sati ili u vrijeme navedeno na web stranici na<br>sam proizvod. Ovo se ne odnosi na robu koja nije na zalihi. Uvjeti i cijene dostave vrijede samo za Sloveniju, za dostavu proizvoda u inozemstvo molimo da nas kontaktirate.<\/p>\n\n\n\n<p class=\"has-text-align-center\"><br>Eureka internetska trgovina nudi vi\u0161e mogu\u0107nosti dostave i mogu\u0107nost besplatne osobne dostave.<br>preuzimanje.<\/p>\n\n\n\n<p class=\"has-text-align-center\"><br><strong>Klasi\u010dna dostava<br><\/strong>Dostava po\u0161tom vr\u0161i se u suradnji sa Slovenskom po\u0161tom. U slu\u010daju da niste prisutni prilikom dostave<br>Kod ku\u0107e mo\u017eete zatra\u017eiti ponovnu dostavu ili preuzeti naru\u010dene proizvode u va\u0161oj lokalnoj po\u0161ti.<br>Slovenija ili obli\u017enje turisti\u010dke destinacije.<\/p>\n\n\n\n<p class=\"has-text-align-center\"><br><strong>Dostava po ulasku<br><\/strong>Naru\u010deni proizvod dostavljamo u najkra\u0107em mogu\u0107em roku, a donosimo ga i na va\u0161u ku\u0107nu adresu.<br>stan i time osigurati sigurnost tijekom prijevoza.<br>Prilago\u0111avamo se va\u0161im \u017eeljama u vezi s datumom isporuke, o kojem se naknadno dogovaramo zajedno s vama.<br>primljena narud\u017eba. Ako je proizvod na zalihi, isporu\u010dit \u0107emo ga u roku od 48 sati.<br>Prije dostave i unosa provjerite dimenzije proizvoda i osigurajte da ima dovoljno prostora za proizvod.<br>mo\u017ee se sigurno u\u0107i.<\/p>\n\n\n\n<p class=\"has-text-align-center\"><br><strong>Osobno preuzimanje<br><\/strong>Proizvode kupljene u Eureka internetskoj trgovini mo\u017eete i osobno preuzeti u na\u0161em skladi\u0161tu. Kada<br>Obavijestit \u0107emo vas kada naru\u010dena roba bude spremna za preuzimanje. Nakon \u0161to primimo obavijest,<br>Mogu\u0107nost preuzimanja u dogovoreno vrijeme.<\/p>\n\n\n\n<p class=\"has-text-align-center\"><br><strong>Cjenik dostave<br><\/strong><\/p>\n\n\n\n<figure class=\"wp-block-table is-style-stripes\"><table><tbody><tr><td>&nbsp;<strong>TE\u017dINA PROIZVODA<\/strong><\/td><td><strong>KLASI\u010cNA DOSTAVA<\/strong><\/td><td>&nbsp;<\/td><td><strong>DOSTAVA S DOSTAVOM<\/strong><\/td><td>&nbsp;<\/td><\/tr><tr><td>DO 31,5 KG<\/td><td>10\u20ac<\/td><td>&nbsp;<\/td><td>20\u20ac<\/td><td>&nbsp;<\/td><\/tr><tr><td>DO 70 KG<\/td><td>20\u20ac<\/td><td>&nbsp;<\/td><td>35\u20ac<\/td><td>&nbsp;<\/td><\/tr><tr><td>DO 100 KG<\/td><td>25\u20ac<\/td><td>&nbsp;<\/td><td>40\u20ac<\/td><td>&nbsp;<\/td><\/tr><tr><td>100 KG ILI VI\u0160E<\/td><td>30\u20ac<\/td><td>&nbsp;<\/td><td>45\u20ac<\/td><td>&nbsp;<\/td><\/tr><\/tbody><\/table><\/figure>\n\n\n\n<p class=\"has-text-align-center\">Za sva pitanja u vezi s dostavom i preuzimanjem, na\u0161e osoblje vam je na raspolaganju i pomo\u0107i \u0107e vam<br>rado \u0107u vam pomo\u0107i. Nazovite broj telefona <strong>040 347 563<\/strong> ili nam pi\u0161ite na na\u0161u e-mail adresu<br><strong>Info@trgovinaeureka.si<\/strong><\/p>","protected":false},"excerpt":{"rendered":"<p>V spletnem centru Eureka stremimo k hitri in profesionalni dostavi naro\u010denega blaga. Dostavanaro\u010denega blaga se izvede v roku 48. ur oziroma v \u010dasu ki je naveden na spletni strani obsamem<\/p>","protected":false},"author":1,"featured_media":0,"parent":0,"menu_order":0,"comment_status":"closed","ping_status":"open","template":"","meta":{"_acf_changed":false,"footnotes":""},"class_list":["post-3","page","type-page","status-publish","hentry"],"acf":[],"_links":{"self":[{"href":"https:\/\/trgovinaeureka.si\/hr\/wp-json\/wp\/v2\/pages\/3","targetHints":{"allow":["GET"]}}],"collection":[{"href":"https:\/\/trgovinaeureka.si\/hr\/wp-json\/wp\/v2\/pages"}],"about":[{"href":"https:\/\/trgovinaeureka.si\/hr\/wp-json\/wp\/v2\/types\/page"}],"author":[{"embeddable":true,"href":"https:\/\/trgovinaeureka.si\/hr\/wp-json\/wp\/v2\/users\/1"}],"replies":[{"embeddable":true,"href":"https:\/\/trgovinaeureka.si\/hr\/wp-json\/wp\/v2\/comments?post=3"}],"version-history":[{"count":3,"href":"https:\/\/trgovinaeureka.si\/hr\/wp-json\/wp\/v2\/pages\/3\/revisions"}],"predecessor-version":[{"id":2062,"href":"https:\/\/trgovinaeureka.si\/hr\/wp-json\/wp\/v2\/pages\/3\/revisions\/2062"}],"wp:attachment":[{"href":"https:\/\/trgovinaeureka.si\/hr\/wp-json\/wp\/v2\/media?parent=3"}],"curies":[{"name":"radni list","href":"https:\/\/api.w.org\/{rel}","templated":true}]}}